{"id":31938,"date":"2015-07-01T00:05:54","date_gmt":"2015-06-30T23:05:54","guid":{"rendered":"https:\/\/bylandry.com\/envert-v2\/?page_id=31938"},"modified":"2026-01-05T23:26:02","modified_gmt":"2026-01-05T21:26:02","slug":"unete-a-nosotros","status":"publish","type":"page","link":"https:\/\/envol-vert.org\/es\/actuar\/unete-a-nosotros\/","title":{"rendered":"\u00danete a nosotros"},"content":{"rendered":"<p><div class=\"fusion-fullwidth fullwidth-box fusion-builder-row-1 has-pattern-background has-mask-background nonhundred-percent-fullwidth non-hundred-percent-height-scrolling\" style=\"--awb-border-radius-top-left:0px;--awb-border-radius-top-right:0px;--awb-border-radius-bottom-right:0px;--awb-border-radius-bottom-left:0px;--awb-background-color:#3aaa35;--awb-flex-wrap:wrap;\" ><div class=\"fusion-builder-row fusion-row\"><div class=\"fusion-layout-column fusion_builder_column fusion-builder-column-0 fusion_builder_column_1_1 1_1 fusion-one-full fusion-column-first fusion-column-last\" style=\"--awb-padding-top:3%;--awb-bg-size:cover;\"><div class=\"fusion-column-wrapper fusion-column-has-shadow fusion-flex-column-wrapper-legacy\"><div class=\"fusion-text fusion-text-1\"><h3 class=\"p1\" style=\"text-align: center;\"><span style=\"color: #ffffff;\">\u00bfQuieres participar en nuestros proyectos en Per\u00fa o Colombia?<br \/>\nBuscamos regularmente voluntario\/as, profesionales, practicantes o voluntario\/as de servicio c\u00edvico.<\/span><\/h3>\n<\/div><div class=\"fusion-clearfix\"><\/div><\/div><\/div><\/div><\/div><div class=\"fusion-fullwidth fullwidth-box fusion-builder-row-2 nonhundred-percent-fullwidth non-hundred-percent-height-scrolling\" style=\"--awb-border-radius-top-left:0px;--awb-border-radius-top-right:0px;--awb-border-radius-bottom-right:0px;--awb-border-radius-bottom-left:0px;--awb-padding-top:3%;--awb-padding-bottom:3%;--awb-flex-wrap:wrap;\" ><div class=\"fusion-builder-row fusion-row\"><div class=\"fusion-layout-column fusion_builder_column fusion-builder-column-1 fusion_builder_column_1_1 1_1 fusion-one-full fusion-column-first fusion-column-last\" style=\"--awb-bg-size:cover;--awb-margin-bottom:10px;\"><div class=\"fusion-column-wrapper fusion-column-has-shadow fusion-flex-column-wrapper-legacy\"><div class=\"fusion-text fusion-text-2\"><h2 class=\"p4\" style=\"text-align: center;\"><span class=\"s2\" style=\"color: #008000;\">Envol Vert est\u00e1 buscando :<\/span><\/h2>\n<\/div><div class=\"fusion-sep-clear\"><\/div><div class=\"fusion-separator fusion-full-width-sep\" style=\"margin-left: auto;margin-right: auto;margin-top:3%;width:100%;\"><div class=\"fusion-separator-border sep-double\" style=\"--awb-height:20px;--awb-amount:20px;border-color:#e0dede;border-top-width:0px;border-bottom-width:0px;\"><\/div><\/div><div class=\"fusion-sep-clear\"><\/div><div class=\"fusion-blog-shortcode fusion-blog-shortcode-1 fusion-blog-archive fusion-blog-layout-grid-wrapper fusion-blog-pagination fusion-blog-no-images\" style=\"--awb-title-font-size:var(--awb-typography2-font-size);--awb-title-line-height:var(--awb-typography2-line-height);--awb-title-letter-spacing:var(--awb-typography2-letter-spacing);--awb-title-text-transform:var(--awb-typography2-text-transform);--awb-title-font-family:var(--awb-typography2-font-family);--awb-title-font-weight:var(--awb-typography2-font-weight);--awb-title-font-style:var(--awb-typography2-font-style);--grid_separator_color:#076633;\"><style type=\"text\/css\">.fusion-blog-shortcode-1 .fusion-blog-layout-grid .fusion-post-grid{padding:10px;}.fusion-blog-shortcode-1 .fusion-posts-container{margin-left: -10px !important; margin-right:-10px !important;}<\/style><div class=\"fusion-posts-container fusion-posts-container-pagination fusion-blog-layout-grid fusion-blog-layout-grid-3 isotope fusion-blog-equal-heights\" data-pages=\"1\" data-grid-col-space=\"20\" style=\"margin: -10px -10px 0;min-height:500px;\"><article id=\"blog-1-post-66913\" class=\"fusion-post-grid post-66913 post type-post status-publish format-standard has-post-thumbnail hentry category-convocatoria\">\n<div class=\"fusion-post-wrapper\" style=\"background-color:rgba(154,206,163,0.32);border:1px solid #ebeaea;border-bottom-width:3px;\"><div class=\"fusion-post-content-wrapper\" style=\"padding:30px 25px 20px 25px;\"><div class=\"fusion-post-content post-content\"><h2 class=\"blog-shortcode-post-title entry-title\"><a href=\"https:\/\/envol-vert.org\/es\/convocatoria\/2026\/03\/se-busca-1-voluntarioa-para-apoyar-los-procesos-organizacionales-y-de-alternativas-economicas-del-programa-conbosque-en-piamonte-cauca\/\">Se busca 1 Voluntario(a) para apoyar los procesos organizacionales y de alternativas econ\u00f3micas del programa \u00abConBosque\u201d en Piamonte, Cauca<\/a><\/h2><p class=\"fusion-single-line-meta\"><span class=\"vcard\" style=\"display: none;\"><span class=\"fn\"><a href=\"https:\/\/envol-vert.org\/es\/author\/isabelle\/\" title=\"Entradas de Isabelle Tissandie\" rel=\"author\">Isabelle Tissandie<\/a><\/span><\/span><span class=\"updated\" style=\"display:none;\">2026-03-23T10:13:33+02:00<\/span><span>23\/03\/2026<\/span><span class=\"fusion-inline-sep\">|<\/span><\/p><div class=\"fusion-content-sep sep-shadow\"><\/div><\/div><div class=\"fusion-meta-info\"><div class=\"fusion-alignleft\"><a class=\"fusion-read-more\" href=\"https:\/\/envol-vert.org\/es\/convocatoria\/2026\/03\/se-busca-1-voluntarioa-para-apoyar-los-procesos-organizacionales-y-de-alternativas-economicas-del-programa-conbosque-en-piamonte-cauca\/\" aria-label=\"More on Se busca 1 Voluntario(a) para apoyar los procesos organizacionales y de alternativas econ\u00f3micas del programa \u00abConBosque\u201d en Piamonte, Cauca\">Leer m\u00e1s<\/a><\/div><\/div><\/div><div class=\"fusion-clearfix\"><\/div><\/div>\n<\/article>\n<article id=\"blog-1-post-66910\" class=\"fusion-post-grid post-66910 post type-post status-publish format-standard has-post-thumbnail hentry category-convocatoria\">\n<div class=\"fusion-post-wrapper\" style=\"background-color:rgba(154,206,163,0.32);border:1px solid #ebeaea;border-bottom-width:3px;\"><div class=\"fusion-post-content-wrapper\" style=\"padding:30px 25px 20px 25px;\"><div class=\"fusion-post-content post-content\"><h2 class=\"blog-shortcode-post-title entry-title\"><a href=\"https:\/\/envol-vert.org\/es\/convocatoria\/2026\/03\/se-busca-1-profesional-en-incidencia-para-la-cero-deforestacion-ganadera\/\">Se busca 1 profesional en Incidencia para la Cero Deforestaci\u00f3n Ganadera<\/a><\/h2><p class=\"fusion-single-line-meta\"><span class=\"vcard\" style=\"display: none;\"><span class=\"fn\"><a href=\"https:\/\/envol-vert.org\/es\/author\/isabelle\/\" title=\"Entradas de Isabelle Tissandie\" rel=\"author\">Isabelle Tissandie<\/a><\/span><\/span><span class=\"updated\" style=\"display:none;\">2026-03-20T10:50:29+02:00<\/span><span>20\/03\/2026<\/span><span class=\"fusion-inline-sep\">|<\/span><\/p><div class=\"fusion-content-sep sep-shadow\"><\/div><\/div><div class=\"fusion-meta-info\"><div class=\"fusion-alignleft\"><a class=\"fusion-read-more\" href=\"https:\/\/envol-vert.org\/es\/convocatoria\/2026\/03\/se-busca-1-profesional-en-incidencia-para-la-cero-deforestacion-ganadera\/\" aria-label=\"More on Se busca 1 profesional en Incidencia para la Cero Deforestaci\u00f3n Ganadera\">Leer m\u00e1s<\/a><\/div><\/div><\/div><div class=\"fusion-clearfix\"><\/div><\/div>\n<\/article>\n<article id=\"blog-1-post-66905\" class=\"fusion-post-grid post-66905 post type-post status-publish format-standard has-post-thumbnail hentry category-convocatoria\">\n<div class=\"fusion-post-wrapper\" style=\"background-color:rgba(154,206,163,0.32);border:1px solid #ebeaea;border-bottom-width:3px;\"><div class=\"fusion-post-content-wrapper\" style=\"padding:30px 25px 20px 25px;\"><div class=\"fusion-post-content post-content\"><h2 class=\"blog-shortcode-post-title entry-title\"><a href=\"https:\/\/envol-vert.org\/es\/convocatoria\/2026\/03\/unaauxiliar-administrativo-y-de-recursos-humanos-para-la-sede-colombia-bogota\/\">Un(a)auxiliar administrativo y de recursos humanos para la sede Colombia (Bogot\u00e1)<\/a><\/h2><p class=\"fusion-single-line-meta\"><span class=\"vcard\" style=\"display: none;\"><span class=\"fn\"><a href=\"https:\/\/envol-vert.org\/es\/author\/isabelle\/\" title=\"Entradas de Isabelle Tissandie\" rel=\"author\">Isabelle Tissandie<\/a><\/span><\/span><span class=\"updated\" style=\"display:none;\">2026-03-13T11:24:07+02:00<\/span><span>13\/03\/2026<\/span><span class=\"fusion-inline-sep\">|<\/span><\/p><div class=\"fusion-content-sep sep-shadow\"><\/div><\/div><div class=\"fusion-meta-info\"><div class=\"fusion-alignleft\"><a class=\"fusion-read-more\" href=\"https:\/\/envol-vert.org\/es\/convocatoria\/2026\/03\/unaauxiliar-administrativo-y-de-recursos-humanos-para-la-sede-colombia-bogota\/\" aria-label=\"More on Un(a)auxiliar administrativo y de recursos humanos para la sede Colombia (Bogot\u00e1)\">Leer m\u00e1s<\/a><\/div><\/div><\/div><div class=\"fusion-clearfix\"><\/div><\/div>\n<\/article>\n<article id=\"blog-1-post-66712\" class=\"fusion-post-grid post-66712 post type-post status-publish format-standard has-post-thumbnail hentry category-convocatoria\">\n<div class=\"fusion-post-wrapper\" style=\"background-color:rgba(154,206,163,0.32);border:1px solid #ebeaea;border-bottom-width:3px;\"><div class=\"fusion-post-content-wrapper\" style=\"padding:30px 25px 20px 25px;\"><div class=\"fusion-post-content post-content\"><h2 class=\"blog-shortcode-post-title entry-title\"><a href=\"https:\/\/envol-vert.org\/es\/convocatoria\/2026\/02\/se-busca-consultor-a-para-el-servicio-profesional-de-capacitacion-a-agricultores-cafetaleros-sobre-el-reglamento-de-la-union-europea-sobre-productos-libres-de-deforestacion-rdue\/\">Se busca Consultor.a para el servicio profesional de capacitaci\u00f3n a agricultores cafetaleros sobre el Reglamento de la Uni\u00f3n Europea sobre Productos Libres de Deforestaci\u00f3n (RDUE)<\/a><\/h2><p class=\"fusion-single-line-meta\"><span class=\"vcard\" style=\"display: none;\"><span class=\"fn\"><a href=\"https:\/\/envol-vert.org\/es\/author\/isabelle\/\" title=\"Entradas de Isabelle Tissandie\" rel=\"author\">Isabelle Tissandie<\/a><\/span><\/span><span class=\"updated\" style=\"display:none;\">2026-02-02T14:05:24+02:00<\/span><span>02\/02\/2026<\/span><span class=\"fusion-inline-sep\">|<\/span><\/p><div class=\"fusion-content-sep sep-shadow\"><\/div><\/div><div class=\"fusion-meta-info\"><div class=\"fusion-alignleft\"><a class=\"fusion-read-more\" href=\"https:\/\/envol-vert.org\/es\/convocatoria\/2026\/02\/se-busca-consultor-a-para-el-servicio-profesional-de-capacitacion-a-agricultores-cafetaleros-sobre-el-reglamento-de-la-union-europea-sobre-productos-libres-de-deforestacion-rdue\/\" aria-label=\"More on Se busca Consultor.a para el servicio profesional de capacitaci\u00f3n a agricultores cafetaleros sobre el Reglamento de la Uni\u00f3n Europea sobre Productos Libres de Deforestaci\u00f3n (RDUE)\">Leer m\u00e1s<\/a><\/div><\/div><\/div><div class=\"fusion-clearfix\"><\/div><\/div>\n<\/article>\n<article id=\"blog-1-post-66613\" class=\"fusion-post-grid post-66613 post type-post status-publish format-standard has-post-thumbnail hentry category-convocatoria\">\n<div class=\"fusion-post-wrapper\" style=\"background-color:rgba(154,206,163,0.32);border:1px solid #ebeaea;border-bottom-width:3px;\"><div class=\"fusion-post-content-wrapper\" style=\"padding:30px 25px 20px 25px;\"><div class=\"fusion-post-content post-content\"><h2 class=\"blog-shortcode-post-title entry-title\"><a href=\"https:\/\/envol-vert.org\/es\/convocatoria\/2026\/01\/se-busca-responsable-peru\/\">Se busca Responsable Per\u00fa<\/a><\/h2><p class=\"fusion-single-line-meta\"><span class=\"vcard\" style=\"display: none;\"><span class=\"fn\"><a href=\"https:\/\/envol-vert.org\/es\/author\/isabelle\/\" title=\"Entradas de Isabelle Tissandie\" rel=\"author\">Isabelle Tissandie<\/a><\/span><\/span><span class=\"updated\" style=\"display:none;\">2026-01-15T13:48:06+02:00<\/span><span>15\/01\/2026<\/span><span class=\"fusion-inline-sep\">|<\/span><\/p><div class=\"fusion-content-sep sep-shadow\"><\/div><\/div><div class=\"fusion-meta-info\"><div class=\"fusion-alignleft\"><a class=\"fusion-read-more\" href=\"https:\/\/envol-vert.org\/es\/convocatoria\/2026\/01\/se-busca-responsable-peru\/\" aria-label=\"More on Se busca Responsable Per\u00fa\">Leer m\u00e1s<\/a><\/div><\/div><\/div><div class=\"fusion-clearfix\"><\/div><\/div>\n<\/article>\n<article id=\"blog-1-post-66609\" class=\"fusion-post-grid post-66609 post type-post status-publish format-standard has-post-thumbnail hentry category-convocatoria\">\n<div class=\"fusion-post-wrapper\" style=\"background-color:rgba(154,206,163,0.32);border:1px solid #ebeaea;border-bottom-width:3px;\"><div class=\"fusion-post-content-wrapper\" style=\"padding:30px 25px 20px 25px;\"><div class=\"fusion-post-content post-content\"><h2 class=\"blog-shortcode-post-title entry-title\"><a href=\"https:\/\/envol-vert.org\/es\/convocatoria\/2026\/01\/se-busca-consultor-a-para-onsultor-para-la-identificacion-de-la-viabilidad-de-alternativas-economicas-sostenibles-en-2-comunidades-nativas-region-ucayali\/\">Se busca Consultor.a para la identificaci\u00f3n de la Viabilidad de Alternativas Econ\u00f3micas Sostenibles en 2 Comunidades Nativas, regi\u00f3n Ucayali<\/a><\/h2><p class=\"fusion-single-line-meta\"><span class=\"vcard\" style=\"display: none;\"><span class=\"fn\"><a href=\"https:\/\/envol-vert.org\/es\/author\/isabelle\/\" title=\"Entradas de Isabelle Tissandie\" rel=\"author\">Isabelle Tissandie<\/a><\/span><\/span><span class=\"updated\" style=\"display:none;\">2026-02-25T17:18:39+02:00<\/span><span>13\/01\/2026<\/span><span class=\"fusion-inline-sep\">|<\/span><\/p><div class=\"fusion-content-sep sep-shadow\"><\/div><\/div><div class=\"fusion-meta-info\"><div class=\"fusion-alignleft\"><a class=\"fusion-read-more\" href=\"https:\/\/envol-vert.org\/es\/convocatoria\/2026\/01\/se-busca-consultor-a-para-onsultor-para-la-identificacion-de-la-viabilidad-de-alternativas-economicas-sostenibles-en-2-comunidades-nativas-region-ucayali\/\" aria-label=\"More on Se busca Consultor.a para la identificaci\u00f3n de la Viabilidad de Alternativas Econ\u00f3micas Sostenibles en 2 Comunidades Nativas, regi\u00f3n Ucayali\">Leer m\u00e1s<\/a><\/div><\/div><\/div><div class=\"fusion-clearfix\"><\/div><\/div>\n<\/article>\n<div class=\"fusion-clearfix\"><\/div><\/div><\/div><div class=\"fusion-text fusion-text-3\"><h2 class=\"p4\" style=\"text-align: center;\"><span class=\"s2\" style=\"color: #008000;\">C\u00f3mo presentar su candidatura:<\/span><\/h2>\n<\/div><div class=\"fusion-text fusion-text-4\" style=\"--awb-text-transform:none;\"><p style=\"text-align: left;\">Envol Vert es una asociaci\u00f3n que apoya y promueve las iniciativas y la participaci\u00f3n de voluntarios.<br \/>\nSi desea ayudarnos con tareas de voluntariado, escr\u00edbanos a <strong><a href=\"mailto:vieassociative@envol-vert.org\">vieassociative[at]envol-vert.org<\/a><\/strong>.<\/p>\n<p style=\"text-align: left;\">Para todas las ofertas de empleo\/voluntariado\/pr\u00e1cticas\/trabajo-estudio, etc. que puedan aparecer, env\u00ede su solicitud a<strong> la direcci\u00f3n de correo electr\u00f3nico indicada en cada anuncio<\/strong>.<\/p>\n<ul>\n<li><strong>Francia:<\/strong> <a href=\"mailto:recrutement.france@envol-vert.org\">recrutement.france[at]envol-vert.org<\/a><\/li>\n<li><strong>Colombia:<\/strong> <a href=\"mailto:recrutement.colombie@envol-vert.org\">recrutement.colombie[at]envol-vert.org<\/a><\/li>\n<li><strong>Peru:<\/strong> <a href=\"mailto:recrutement.perou@envol-vert.org\">recrutement.perou[at]envol-vert.org<\/a><\/li>\n<\/ul>\n<p style=\"text-align: left;\">Lamentablemente, no podemos tramitar solicitudes no solicitadas, por lo que no se tendr\u00e1n en cuenta.<\/p>\n<p class=\"p5\" style=\"text-align: left;\"><span class=\"s1\"><b>Antes de solicitar un puesto en el extranjero, lea las condiciones y requisitos previos que figuran en la descripci\u00f3n del puesto.<br \/>\n<\/b><\/span><\/p>\n<p class=\"p5\" style=\"text-align: left;\"><span class=\"s1\">Para las misiones en el extranjero, preferimos un compromiso a largo plazo y no aceptamos solicitudes para menos de 3 meses.<\/span><\/p>\n<\/div><div class=\"fusion-sep-clear\"><\/div><div class=\"fusion-separator fusion-full-width-sep\" style=\"margin-left: auto;margin-right: auto;margin-top:1.5%;margin-bottom:1.5%;width:100%;\"><div class=\"fusion-separator-border sep-single sep-solid\" style=\"--awb-height:20px;--awb-amount:20px;--awb-sep-color:rgba(224,222,222,0);border-color:rgba(224,222,222,0);border-top-width:1px;\"><\/div><\/div><div class=\"fusion-sep-clear\"><\/div><div class=\"fusion-clearfix\"><\/div><\/div><\/div><\/div><\/div><div class=\"fusion-fullwidth fullwidth-box fusion-builder-row-3 fusion-flex-container has-pattern-background has-mask-background nonhundred-percent-fullwidth non-hundred-percent-height-scrolling\" style=\"--awb-border-radius-top-left:0px;--awb-border-radius-top-right:0px;--awb-border-radius-bottom-right:0px;--awb-border-radius-bottom-left:0px;--awb-background-color:#3aaa35;--awb-flex-wrap:wrap;\" ><div class=\"fusion-builder-row fusion-row fusion-flex-align-items-flex-start fusion-flex-content-wrap\" style=\"max-width:1040px;margin-left: calc(-4% \/ 2 );margin-right: calc(-4% \/ 2 );\"><div class=\"fusion-layout-column fusion_builder_column fusion-builder-column-2 fusion_builder_column_1_5 1_5 fusion-flex-column\" style=\"--awb-bg-size:cover;--awb-width-large:20%;--awb-margin-top-large:0px;--awb-spacing-right-large:9.6%;--awb-margin-bottom-large:20px;--awb-spacing-left-large:9.6%;--awb-width-medium:100%;--awb-order-medium:0;--awb-spacing-right-medium:1.92%;--awb-spacing-left-medium:1.92%;--awb-width-small:100%;--awb-order-small:0;--awb-spacing-right-small:1.92%;--awb-spacing-left-small:1.92%;\"><div class=\"fusion-column-wrapper fusion-column-has-shadow fusion-flex-justify-content-flex-start fusion-content-layout-column\"><\/div><\/div><div class=\"fusion-layout-column fusion_builder_column fusion-builder-column-3 fusion_builder_column_3_5 3_5 fusion-flex-column\" style=\"--awb-bg-size:cover;--awb-width-large:60%;--awb-margin-top-large:20px;--awb-spacing-right-large:3.2%;--awb-margin-bottom-large:20px;--awb-spacing-left-large:3.2%;--awb-width-medium:100%;--awb-order-medium:0;--awb-spacing-right-medium:1.92%;--awb-spacing-left-medium:1.92%;--awb-width-small:100%;--awb-order-small:0;--awb-spacing-right-small:1.92%;--awb-spacing-left-small:1.92%;\" data-scroll-devices=\"small-visibility,medium-visibility,large-visibility\"><div class=\"fusion-column-wrapper fusion-column-has-shadow fusion-flex-justify-content-flex-start fusion-content-layout-column\"><div style=\"text-align:center;\"><a class=\"fusion-button button-flat button-xlarge button-default fusion-button-default button-1 fusion-button-default-span fusion-button-default-type\" style=\"--button_margin-top:1%;--button_margin-bottom:2%;\" target=\"_blank\" rel=\"noopener noreferrer\" href=\"https:\/\/envol-vert.org\/es\/suscripcion-al-boletin\/\"><i class=\"fa-paper-plane fas awb-button__icon awb-button__icon--default button-icon-left\" aria-hidden=\"true\"><\/i><span class=\"fusion-button-text awb-button__text awb-button__text--default\">Recibir nuestro bolet\u00edn<\/span><\/a><\/div><\/div><\/div><div class=\"fusion-layout-column fusion_builder_column fusion-builder-column-4 fusion_builder_column_1_5 1_5 fusion-flex-column\" style=\"--awb-bg-size:cover;--awb-width-large:20%;--awb-margin-top-large:0px;--awb-spacing-right-large:9.6%;--awb-margin-bottom-large:20px;--awb-spacing-left-large:9.6%;--awb-width-medium:100%;--awb-order-medium:0;--awb-spacing-right-medium:1.92%;--awb-spacing-left-medium:1.92%;--awb-width-small:100%;--awb-order-small:0;--awb-spacing-right-small:1.92%;--awb-spacing-left-small:1.92%;\"><div class=\"fusion-column-wrapper fusion-column-has-shadow fusion-flex-justify-content-flex-start fusion-content-layout-column\"><\/div><\/div><\/div><\/div><\/p>\n","protected":false},"excerpt":{"rendered":"","protected":false},"author":1,"featured_media":27989,"parent":31866,"menu_order":2,"comment_status":"closed","ping_status":"closed","template":"100-width.php","meta":{"footnotes":""},"class_list":["post-31938","page","type-page","status-publish","has-post-thumbnail","hentry"],"_links":{"self":[{"href":"https:\/\/envol-vert.org\/es\/wp-json\/wp\/v2\/pages\/31938","targetHints":{"allow":["GET"]}}],"collection":[{"href":"https:\/\/envol-vert.org\/es\/wp-json\/wp\/v2\/pages"}],"about":[{"href":"https:\/\/envol-vert.org\/es\/wp-json\/wp\/v2\/types\/page"}],"author":[{"embeddable":true,"href":"https:\/\/envol-vert.org\/es\/wp-json\/wp\/v2\/users\/1"}],"replies":[{"embeddable":true,"href":"https:\/\/envol-vert.org\/es\/wp-json\/wp\/v2\/comments?post=31938"}],"version-history":[{"count":0,"href":"https:\/\/envol-vert.org\/es\/wp-json\/wp\/v2\/pages\/31938\/revisions"}],"up":[{"embeddable":true,"href":"https:\/\/envol-vert.org\/es\/wp-json\/wp\/v2\/pages\/31866"}],"wp:featuredmedia":[{"embeddable":true,"href":"https:\/\/envol-vert.org\/es\/wp-json\/wp\/v2\/media\/27989"}],"wp:attachment":[{"href":"https:\/\/envol-vert.org\/es\/wp-json\/wp\/v2\/media?parent=31938"}],"curies":[{"name":"wp","href":"https:\/\/api.w.org\/{rel}","templated":true}]}}