{"id":31952,"date":"2015-06-24T22:43:21","date_gmt":"2015-06-24T21:43:21","guid":{"rendered":"https:\/\/bylandry.com\/envert-v2\/?page_id=31952"},"modified":"2026-01-05T23:09:45","modified_gmt":"2026-01-05T21:09:45","slug":"donacion","status":"publish","type":"page","link":"https:\/\/envol-vert.org\/es\/actuar\/donacion\/","title":{"rendered":"Hacer una donaci\u00f3n"},"content":{"rendered":"<p><div class=\"fusion-fullwidth fullwidth-box fusion-builder-row-1 nonhundred-percent-fullwidth non-hundred-percent-height-scrolling\" style=\"--awb-border-radius-top-left:0px;--awb-border-radius-top-right:0px;--awb-border-radius-bottom-right:0px;--awb-border-radius-bottom-left:0px;--awb-padding-top:5%;--awb-padding-bottom:5%;--awb-flex-wrap:wrap;\" ><div class=\"fusion-builder-row fusion-row\"><div class=\"fusion-layout-column fusion_builder_column fusion-builder-column-0 fusion_builder_column_1_1 1_1 fusion-one-full fusion-column-first fusion-column-last\" style=\"--awb-bg-size:cover;--awb-margin-bottom:0px;\"><div class=\"fusion-column-wrapper fusion-column-has-shadow fusion-flex-column-wrapper-legacy\"><div class=\"fusion-column-content-centered\"><div class=\"fusion-column-content\"><div class=\"fusion-text fusion-text-1\"><h1 class=\"p1\" style=\"text-align: center;\"><span style=\"color: #008000;\"><b>\u00bfPor qu\u00e9 donar?<\/b><\/span><\/h1>\n<\/div><div class=\"fusion-text fusion-text-2\"><h3 class=\"p1\"><span style=\"color: #008000;\"><strong>Sus donaciones nos permiten :<\/strong><\/span><\/h3>\n<ul class=\"ul1\">\n<li>Desarrollar proyectos de campo en colaboraci\u00f3n con actores locales en Colombia, el Per\u00fa y Francia<\/li>\n<li>Proporcionar herramientas de sensibilizaci\u00f3n para el p\u00fablico en general,<\/li>\n<li>Llevar a cabo investigaciones para exponer y denunciar a las empresas que impactan en los bosques.<\/li>\n<\/ul>\n<div class=\"fusion-fullwidth fullwidth-box fusion-builder-row-1 nonhundred-percent-fullwidth non-hundred-percent-height-scrolling\">\n<div class=\"fusion-builder-row fusion-row\">\n<div class=\"fusion-layout-column fusion_builder_column fusion-builder-column-0 fusion_builder_column_1_1 1_1 fusion-one-full fusion-column-first fusion-column-last\">\n<div class=\"fusion-column-wrapper fusion-flex-column-wrapper-legacy\">\n<div class=\"fusion-column-content-centered\">\n<div class=\"fusion-column-content\">\n<div class=\"fusion-text fusion-text-1\">\n<p>Es gracias a ustedes que podemos llevar a cabo estas acciones y les damos las gracias!<\/p>\n<\/div>\n<\/div>\n<\/div>\n<\/div>\n<\/div>\n<\/div>\n<\/div>\n<\/div><\/div><\/div><div class=\"fusion-clearfix\"><\/div><\/div><\/div><\/div><\/div><div id=\"donner\" class=\"fusion-container-anchor\"><div class=\"fusion-fullwidth fullwidth-box fusion-builder-row-2 fusion-flex-container nonhundred-percent-fullwidth non-hundred-percent-height-scrolling\" style=\"--awb-border-radius-top-left:0px;--awb-border-radius-top-right:0px;--awb-border-radius-bottom-right:0px;--awb-border-radius-bottom-left:0px;--awb-padding-top:5%;--awb-padding-bottom:5%;--awb-background-color:#3aaa35;--awb-flex-wrap:wrap;\" ><div class=\"fusion-builder-row fusion-row fusion-flex-align-items-flex-start fusion-flex-content-wrap\" style=\"max-width:1040px;margin-left: calc(-4% \/ 2 );margin-right: calc(-4% \/ 2 );\"><div class=\"fusion-layout-column fusion_builder_column fusion-builder-column-1 fusion_builder_column_1_1 1_1 fusion-flex-column\" style=\"--awb-padding-top:33px;--awb-padding-right:51px;--awb-padding-left:39px;--awb-bg-size:cover;--awb-width-large:100%;--awb-margin-top-large:0px;--awb-spacing-right-large:1.92%;--awb-margin-bottom-large:0px;--awb-spacing-left-large:1.92%;--awb-width-medium:100%;--awb-order-medium:0;--awb-spacing-right-medium:1.92%;--awb-spacing-left-medium:1.92%;--awb-width-small:100%;--awb-order-small:0;--awb-spacing-right-small:1.92%;--awb-spacing-left-small:1.92%;\"><div class=\"fusion-column-wrapper fusion-column-has-shadow fusion-flex-justify-content-flex-start fusion-content-layout-column\"><div class=\"fusion-text fusion-text-3\"><h1 class=\"p1\" style=\"text-align: center;\"><span style=\"color: #ffffff;\"><b>\u00bfC\u00f3mo donar?<\/b><\/span><\/h1>\n<\/div><div class=\"fusion-separator fusion-full-width-sep\" style=\"align-self: center;margin-left: auto;margin-right: auto;margin-top:3%;width:100%;\"><div class=\"fusion-separator-border sep-single sep-solid\" style=\"--awb-height:20px;--awb-amount:20px;border-color:#e0dede;border-top-width:0px;\"><\/div><\/div><div class=\"fusion-content-boxes content-boxes columns row fusion-columns-2 fusion-columns-total-2 fusion-content-boxes-1 content-boxes-icon-on-top content-left\" style=\"--awb-hover-accent-color:#9e9e9e;--awb-circle-hover-accent-color:#9e9e9e;\" data-animationOffset=\"top-into-view\"><div style=\"--awb-backgroundcolor:#ffffff;\" class=\"fusion-column content-box-column content-box-column content-box-column-1 col-lg-6 col-md-6 col-sm-6 fusion-content-box-hover content-box-column-first-in-row\"><div class=\"col content-box-wrapper content-wrapper-background link-area-link-icon icon-hover-animation-none fusion-animated\" data-animationType=\"fadeInDown\" data-animationDuration=\"0.3\" data-animationOffset=\"top-into-view\"><div class=\"heading heading-with-icon icon-left\"><div class=\"icon\"><i style=\"border-color:#333333;border-width:1px;background-color:#333333;box-sizing:content-box;height:42px;width:42px;line-height:42px;border-radius:50%;font-size:21px;\" aria-hidden=\"true\" class=\"fontawesome-icon fa-globe-asia fas circle-yes\"><\/i><\/div><h2 class=\"content-box-heading fusion-responsive-typography-calculated\" style=\"--h2_typography-font-size:16px;--fontSize:16;line-height:1.3;\">Hacer una donaci\u00f3n en l\u00ednea<\/h2><\/div><div class=\"fusion-clearfix\"><\/div><div class=\"content-container\">\n<h6>Para donar en l\u00ednea, est\u00e1n dirigidos hacia la pagina segura de nuestro socio ePayco. La d\u00e9bito bancaria mensual nos asegura ingresos regulares y la sostenibilidad de nuestros proyectos. Puede ser cancelado en cualquier momento.<\/h6>\n<div ><a class=\"fusion-button button-flat fusion-button-default-size button-default fusion-button-default button-1 fusion-button-default-span fusion-button-default-type\" target=\"_blank\" rel=\"noopener noreferrer\" href=\"https:\/\/www.helloasso.com\/associations\/envol-vert\/formulaires\/1\/en\"><span class=\"fusion-button-text awb-button__text awb-button__text--default\">Yo dono<\/span><\/a><\/div>\n<\/div><\/div><\/div><div style=\"--awb-backgroundcolor:#ffffff;\" class=\"fusion-column content-box-column content-box-column content-box-column-2 col-lg-6 col-md-6 col-sm-6 fusion-content-box-hover content-box-column-last content-box-column-last-in-row\"><div class=\"col content-box-wrapper content-wrapper-background link-area-link-icon icon-hover-animation-none fusion-animated\" data-animationType=\"fadeInDown\" data-animationDuration=\"0.3\" data-animationOffset=\"top-into-view\"><div class=\"heading heading-with-icon icon-left\"><div class=\"icon\"><i style=\"border-color:#333333;border-width:1px;background-color:#333333;box-sizing:content-box;height:42px;width:42px;line-height:42px;border-radius:50%;font-size:21px;\" aria-hidden=\"true\" class=\"fontawesome-icon fa-address-card fas circle-yes\"><\/i><\/div><h2 class=\"content-box-heading fusion-responsive-typography-calculated\" style=\"--h2_typography-font-size:16px;--fontSize:16;line-height:1.3;\">Me hago miembro<\/h2><\/div><div class=\"fusion-clearfix\"><\/div><div class=\"content-container\">\n<h6>Hacerse miembro de la ONG es apoyarla y tener derecho a votar en la Asemblea General.<br \/>\nPago mi cuota de membres\u00eda por el sitio web de nuestro socio Hello Asso.<\/h6>\n<div ><a class=\"fusion-button button-flat fusion-button-default-size button-default fusion-button-default button-2 fusion-button-default-span fusion-button-default-type\" target=\"_blank\" rel=\"noopener noreferrer\" href=\"https:\/\/www.helloasso.com\/associations\/envol-vert\/adhesions\/adhesion-envol-vert\"><span class=\"fusion-button-text awb-button__text awb-button__text--default\">Me hago miembro<\/span><\/a><\/div>\n<\/div><\/div><\/div><div class=\"fusion-clearfix\"><\/div><\/div><\/div><\/div><div class=\"fusion-layout-column fusion_builder_column fusion-builder-column-2 fusion_builder_column_1_1 1_1 fusion-flex-column\" style=\"--awb-bg-size:cover;--awb-width-large:100%;--awb-margin-top-large:32px;--awb-spacing-right-large:1.92%;--awb-margin-bottom-large:20px;--awb-spacing-left-large:1.92%;--awb-width-medium:100%;--awb-order-medium:0;--awb-spacing-right-medium:1.92%;--awb-spacing-left-medium:1.92%;--awb-width-small:100%;--awb-order-small:0;--awb-spacing-right-small:1.92%;--awb-spacing-left-small:1.92%;\"><div class=\"fusion-column-wrapper fusion-column-has-shadow fusion-flex-justify-content-flex-start fusion-content-layout-column\"><div class=\"fusion-text fusion-text-4\" style=\"--awb-text-transform:none;\"><h3 class=\"p2 fusion-responsive-typography-calculated\" data-fontsize=\"18.72\" data-lineheight=\"22.464px\"><span style=\"color: #ffffff;\"><b>\u00a1Sus donaciones son deducibles de impuestos! (En Francia)<\/b><\/span><\/h3>\n<p class=\"p2\"><span style=\"color: #ffffff;\">El 66% de su donaci\u00f3n es deducible de impuestos hasta un l\u00edmite del 20% de sus ingresos imponibles.<\/span><br \/>\n<span style=\"color: #ffffff;\">Por ejemplo, una donaci\u00f3n de 100 euros en realidad le cuesta 34 euros despu\u00e9s de la deducci\u00f3n de impuestos. M\u00e1s all\u00e1 de este l\u00edmite, la ley de impuestos le permite aplazar las donaciones para los pr\u00f3ximos 4 a\u00f1os con la misma deducci\u00f3n de impuestos.<\/span><\/p>\n<h3 class=\"fusion-responsive-typography-calculated\" data-fontsize=\"18.72\" data-lineheight=\"22.464px\"><span style=\"color: #ffffff;\"><b>Pago seguro<\/b><\/span><\/h3>\n<p><span style=\"color: #ffffff;\"><b>Este sitio web es 100% seguro.\u00a0<\/b>Su transacci\u00f3n se realiza a trav\u00e9s de una plataforma de pago totalmente segura y protegida. Sus datos bancarios no se nos proporcionan bajo ninguna circunstancia. Gracias al encriptado SSL de su informaci\u00f3n bancaria, usted puede estar seguro de la fiabilidad de sus pagos en l\u00ednea (la URL de la p\u00e1gina comienza con \u201chttps\u201d).\u00a0<\/span><\/p>\n<h3 class=\"fusion-responsive-typography-calculated\" data-fontsize=\"18.72\" data-lineheight=\"22.464px\"><span style=\"color: #ffffff;\"><b>Respeto a la privacidad<\/b><\/span><\/h3>\n<p><span style=\"color: #ffffff;\">Su informaci\u00f3n de contacto es esencial para que podamos enviarle su recibo de impuestos y pueda beneficiarse de la reducci\u00f3n de impuestos. Los utilizamos con fines de gesti\u00f3n e informaci\u00f3n: no cedemos ni alquilamos su informaci\u00f3n de contacto a otras personas\/empresas.<\/span><\/p>\n<p><span style=\"color: #ffffff;\">De acuerdo con la Ley de \u201cInform\u00e1tica y Libertades\u201d del 6 de enero de 1978, usted tiene derecho a acceder, corregir, objetar y eliminar sus datos. Usted puede ejercer este derecho escribi\u00e9ndonos un correo electr\u00f3nico a: contact@envol-vert.org o por v\u00eda postal: Envol Vert, BP 61029, 34 006 Montpellier Cedex 1 (FRANCIA)<\/span><\/p>\n<\/div><\/div><\/div><\/div><\/div><\/div><\/p>\n","protected":false},"excerpt":{"rendered":"","protected":false},"author":1,"featured_media":31954,"parent":31866,"menu_order":0,"comment_status":"closed","ping_status":"closed","template":"100-width.php","meta":{"footnotes":""},"class_list":["post-31952","page","type-page","status-publish","has-post-thumbnail","hentry"],"_links":{"self":[{"href":"https:\/\/envol-vert.org\/es\/wp-json\/wp\/v2\/pages\/31952","targetHints":{"allow":["GET"]}}],"collection":[{"href":"https:\/\/envol-vert.org\/es\/wp-json\/wp\/v2\/pages"}],"about":[{"href":"https:\/\/envol-vert.org\/es\/wp-json\/wp\/v2\/types\/page"}],"author":[{"embeddable":true,"href":"https:\/\/envol-vert.org\/es\/wp-json\/wp\/v2\/users\/1"}],"replies":[{"embeddable":true,"href":"https:\/\/envol-vert.org\/es\/wp-json\/wp\/v2\/comments?post=31952"}],"version-history":[{"count":0,"href":"https:\/\/envol-vert.org\/es\/wp-json\/wp\/v2\/pages\/31952\/revisions"}],"up":[{"embeddable":true,"href":"https:\/\/envol-vert.org\/es\/wp-json\/wp\/v2\/pages\/31866"}],"wp:featuredmedia":[{"embeddable":true,"href":"https:\/\/envol-vert.org\/es\/wp-json\/wp\/v2\/media\/31954"}],"wp:attachment":[{"href":"https:\/\/envol-vert.org\/es\/wp-json\/wp\/v2\/media?parent=31952"}],"curies":[{"name":"wp","href":"https:\/\/api.w.org\/{rel}","templated":true}]}}