{"id":37483,"date":"2015-06-26T09:13:04","date_gmt":"2015-06-26T08:13:04","guid":{"rendered":"https:\/\/envol-vert.org\/agir-donner\/devenir-membre\/"},"modified":"2021-03-25T22:45:46","modified_gmt":"2021-03-25T21:45:46","slug":"hacerse-miembro","status":"publish","type":"page","link":"https:\/\/envol-vert.org\/es\/actuar\/hacerse-miembro\/","title":{"rendered":"Devenir Membre d&#8217;Envol Vert"},"content":{"rendered":"<p><div class=\"fusion-fullwidth fullwidth-box fusion-builder-row-1 nonhundred-percent-fullwidth non-hundred-percent-height-scrolling\" style=\"--link_hover_color: #333333;--link_color: #ea773d;--awb-border-radius-top-left:0px;--awb-border-radius-top-right:0px;--awb-border-radius-bottom-right:0px;--awb-border-radius-bottom-left:0px;--awb-margin-top:0px;--awb-margin-bottom:0px;--awb-flex-wrap:wrap;\" ><div class=\"fusion-builder-row fusion-row\"><div class=\"fusion-layout-column fusion_builder_column fusion-builder-column-0 fusion_builder_column_1_1 1_1 fusion-one-full fusion-column-first fusion-column-last\" style=\"--awb-bg-size:cover;--awb-margin-bottom:0px;\"><div class=\"fusion-column-wrapper fusion-column-has-shadow fusion-flex-column-wrapper-legacy\">\n<div class=\"fusion-slider-revolution rev_slider_wrapper\">\t\t\t<!-- START Les EcoGestes REVOLUTION SLIDER 6.6.20 --><p class=\"rs-p-wp-fix\"><\/p>\n\t\t\t<rs-module-wrap id=\"rev_slider_44_1_wrapper\" data-source=\"gallery\" style=\"visibility:hidden;background:transparent;padding:0;margin:0px auto;margin-top:0;margin-bottom:0;\">\n\t\t\t\t<rs-module id=\"rev_slider_44_1\" style=\"\" data-version=\"6.6.20\">\n\t\t\t\t\t<rs-slides style=\"overflow: hidden; position: absolute;\">\n\t\t\t\t\t\t<rs-slide style=\"position: absolute;\" data-key=\"rs-297\" data-title=\"Slide\" data-anim=\"adpr:false;\" data-in=\"o:0;\" data-out=\"a:false;\">\n\t\t\t\t\t\t\t<img decoding=\"async\" src=\"\/\/envol-vert.org\/wp-content\/plugins\/revslider-disabled\/public\/assets\/assets\/dummy.png\" alt=\"Fond Quiz Empreinte Foret 2\" title=\"Fond Quiz Empreinte Foret 2\" width=\"1200\" height=\"800\" class=\"rev-slidebg tp-rs-img rs-lazyload\" data-lazyload=\"\/\/envol-vert.org\/wp-content\/uploads\/2021\/01\/Fond-Quiz-Empreinte-Foret-2.png\" data-bg=\"p:center top;\" data-parallax=\"15\" data-panzoom=\"d:20000ms;ss:100%;se:100;os:-200px\/300px;oe:300px\/-800px;\" data-no-retina>\n<!--\n\t\t\t\t\t\t\t--><rs-layer\n\t\t\t\t\t\t\t\tid=\"slider-44-slide-297-layer-0\" \n\t\t\t\t\t\t\t\tclass=\"rs-pxl-12\"\n\t\t\t\t\t\t\t\tdata-type=\"text\"\n\t\t\t\t\t\t\t\tdata-color=\"#1c5128\"\n\t\t\t\t\t\t\t\tdata-rsp_ch=\"on\"\n\t\t\t\t\t\t\t\tdata-xy=\"x:c;y:m;\"\n\t\t\t\t\t\t\t\tdata-text=\"w:normal;s:40,40,98,60;l:50,40,98,60;fw:600,700,700,700;a:center;\"\n\t\t\t\t\t\t\t\tdata-dim=\"w:auto,637.391px,710px,438px;h:auto,81px,auto,auto;minh:0px,none,none,none;\"\n\t\t\t\t\t\t\t\tdata-padding=\"t:0,0,10,6;\"\n\t\t\t\t\t\t\t\tdata-frame_0=\"x:0,0,0px,0px;y:0,0,0px,0px;o:1;\"\n\t\t\t\t\t\t\t\tdata-frame_0_chars=\"d:5;x:0,0,0px,0px;y:-100%;o:0;rZ:35deg;\"\n\t\t\t\t\t\t\t\tdata-frame_0_mask=\"u:t;x:0,0,0px,0px;y:0,0,0px,0px;\"\n\t\t\t\t\t\t\t\tdata-frame_1=\"x:0,0,0px,0px;y:0,0,0px,0px;sp:1200;\"\n\t\t\t\t\t\t\t\tdata-frame_1_chars=\"e:power4.inOut;d:10;x:0,0,0px,0px;y:0,0,0px,0px;rZ:0deg;\"\n\t\t\t\t\t\t\t\tdata-frame_1_mask=\"u:t;x:0,0,0px,0px;y:0,0,0px,0px;\"\n\t\t\t\t\t\t\t\tdata-frame_999=\"o:0;st:w;\"\n\t\t\t\t\t\t\t\tstyle=\"z-index:5;font-family:'Arial', 'Helvetica', 'sans-serif';\"\n\t\t\t\t\t\t\t>\u00a1EL BOSQUE NOS BRINDA SERVICIOS,<br \/>\nTENEMOS QUE DEVOLV\u00c9RSELOS! \n\t\t\t\t\t\t\t<\/rs-layer><!--\n-->\t\t\t\t\t\t<\/rs-slide>\n\t\t\t\t\t<\/rs-slides>\n\t\t\t\t<\/rs-module>\n\t\t\t\t<script>\n\t\t\t\t\tsetREVStartSize({c: 'rev_slider_44_1',rl:[1240,1024,778,480],el:[150,150,960,720],gw:[1240,1024,778,480],gh:[150,150,960,720],type:'standard',justify:'',layout:'fullwidth',mh:\"0\"});if (window.RS_MODULES!==undefined && window.RS_MODULES.modules!==undefined && window.RS_MODULES.modules[\"revslider441\"]!==undefined) {window.RS_MODULES.modules[\"revslider441\"].once = false;window.revapi44 = undefined;if (window.RS_MODULES.checkMinimal!==undefined) window.RS_MODULES.checkMinimal()}\n\t\t\t\t<\/script>\n\t\t\t<\/rs-module-wrap>\n\t\t\t<!-- END REVOLUTION SLIDER -->\n<\/div><div class=\"fusion-clearfix\"><\/div><\/div><\/div><\/div><\/div><div class=\"fusion-fullwidth fullwidth-box fusion-builder-row-2 hundred-percent-fullwidth non-hundred-percent-height-scrolling\" style=\"--link_hover_color: #333333;--link_color: #ea773d;--awb-border-radius-top-left:0px;--awb-border-radius-top-right:0px;--awb-border-radius-bottom-right:0px;--awb-border-radius-bottom-left:0px;--awb-background-color:#3aaa35;--awb-flex-wrap:wrap;\" ><div class=\"fusion-builder-row fusion-row\"><div class=\"fusion-layout-column fusion_builder_column fusion-builder-column-1 fusion_builder_column_1_1 1_1 fusion-one-full fusion-column-first fusion-column-last\" style=\"--awb-padding-top:1%;--awb-padding-bottom:1%;--awb-bg-size:cover;--awb-margin-bottom:0px;\"><div class=\"fusion-column-wrapper fusion-column-has-shadow fusion-flex-column-wrapper-legacy\"><div class=\"fusion-text fusion-text-1\"><div class=\"fusion-text fusion-text-1\">\n<h4 style=\"text-align: center;\"><em><span style=\"color: #ffffff;\">Envol Vert, sa philosophie, son travail, ses projets vous plaisent ?! D\u00e9couvrez comment devenir membre.<\/span><\/em><\/h4>\n<\/div>\n<\/div><div class=\"fusion-clearfix\"><\/div><\/div><\/div><\/div><\/div><div class=\"fusion-fullwidth fullwidth-box fusion-builder-row-3 fusion-flex-container nonhundred-percent-fullwidth non-hundred-percent-height-scrolling\" style=\"--link_hover_color: #333333;--link_color: #ea773d;--awb-border-radius-top-left:0px;--awb-border-radius-top-right:0px;--awb-border-radius-bottom-right:0px;--awb-border-radius-bottom-left:0px;--awb-flex-wrap:wrap;\" ><div class=\"fusion-builder-row fusion-row fusion-flex-align-items-flex-start fusion-flex-content-wrap\" style=\"max-width:1040px;margin-left: calc(-4% \/ 2 );margin-right: calc(-4% \/ 2 );\"><div class=\"fusion-layout-column fusion_builder_column fusion-builder-column-2 fusion_builder_column_1_1 1_1 fusion-flex-column\" style=\"--awb-padding-top:5%;--awb-bg-size:cover;--awb-width-large:100%;--awb-margin-top-large:0px;--awb-spacing-right-large:1.92%;--awb-margin-bottom-large:0px;--awb-spacing-left-large:1.92%;--awb-width-medium:100%;--awb-order-medium:0;--awb-spacing-right-medium:1.92%;--awb-spacing-left-medium:1.92%;--awb-width-small:100%;--awb-order-small:0;--awb-spacing-right-small:1.92%;--awb-spacing-left-small:1.92%;\"><div class=\"fusion-column-wrapper fusion-column-has-shadow fusion-flex-justify-content-flex-start fusion-content-layout-column\"><div class=\"fusion-text fusion-text-2\"><p><strong>En devenant membre ou adh\u00e9rent, vous pourrez y participer plus amplement, faire partie de nos r\u00e9flexions, recevoir nos informations et surtout avoir une voix au sein de l\u2019association au travers d\u2019un droit de vote en assembl\u00e9e g\u00e9n\u00e9rale.<\/strong><\/p>\n<p>L\u2019adh\u00e9sion est ouverte \u00e0 toute personne morale (entreprise, collectivit\u00e9, organisme de recherche ou de formation, association) ainsi qu\u2019aux personnes physiques souhaitant soutenir l\u2019association dans son objet et son action et b\u00e9n\u00e9ficier de ses productions.<\/p>\n<\/div><div class=\"fusion-separator fusion-full-width-sep\" style=\"align-self: center;margin-left: auto;margin-right: auto;margin-top:1%;width:100%;\"><\/div><div class=\"fusion-content-boxes content-boxes columns row fusion-columns-2 fusion-columns-total-2 fusion-content-boxes-1 content-boxes-clean-horizontal content-left content-boxes-icon-on-side\" style=\"--awb-backgroundcolor:rgba(154,206,163,0.32);--awb-margin-top:70px;--awb-margin-bottom:0px;--awb-hover-accent-color:#3aaa35;--awb-circle-hover-accent-color:#3aaa35;\" data-animationOffset=\"top-into-view\"><div style=\"--awb-backgroundcolor:rgba(154,206,163,0.32);--awb-content-padding-left:170px;border-color:rgba(255,255,255,0);\" class=\"fusion-column content-box-column content-box-column content-box-column-1 col-lg-6 col-md-6 col-sm-6 fusion-content-box-hover content-box-column-first-in-row\"><div class=\"col content-box-wrapper content-wrapper-background link-area-box link-type-text icon-hover-animation-none\" data-link=\"https:\/\/www.helloasso.com\/associations\/envol-vert\/adhesions\/adhesion-envol-vert\" data-link-target=\"_blank\" data-animationOffset=\"top-into-view\"><div class=\"heading heading-with-icon icon-left\"><a class=\"heading-link\" href=\"https:\/\/www.helloasso.com\/associations\/envol-vert\/adhesions\/adhesion-envol-vert\" target=\"_blank\" rel=\"noopener noreferrer\"><div aria-hidden=\"true\" class=\"image\"><img decoding=\"async\" src=\"https:\/\/envol-vert.org\/wp-content\/uploads\/2021\/03\/Papillon-Envol-Vert-2021_papillon-vert-clair.png\" width=\"150\" height=\"133.91\" alt=\"\" \/><\/div><h2 class=\"content-box-heading fusion-responsive-typography-calculated\" style=\"--h2_typography-font-size:16px;--fontSize:16;line-height:1.3;padding-left:170px;\">Je veux \u00eatre membre d'honneur<\/h2><\/a><\/div><div class=\"fusion-clearfix\"><\/div><div class=\"content-container\">\n<h5>Droit d\u2019entr\u00e9e de 200\u20ac et cotisation annuelle de 20\u20ac<\/h5>\n<\/div><\/div><\/div><div style=\"--awb-backgroundcolor:rgba(154,206,163,0.32);--awb-content-padding-left:170px;border-color:rgba(255,255,255,0);\" class=\"fusion-column content-box-column content-box-column content-box-column-2 col-lg-6 col-md-6 col-sm-6 fusion-content-box-hover content-box-column-last content-box-column-last-in-row\"><div class=\"col content-box-wrapper content-wrapper-background link-area-box link-type-text icon-hover-animation-none\" data-link=\"https:\/\/www.helloasso.com\/associations\/envol-vert\/adhesions\/adhesion-envol-vert\" data-link-target=\"_blank\" data-animationOffset=\"top-into-view\"><div class=\"heading heading-with-icon icon-left\"><a class=\"heading-link\" href=\"https:\/\/www.helloasso.com\/associations\/envol-vert\/adhesions\/adhesion-envol-vert\" target=\"_blank\" rel=\"noopener noreferrer\"><div aria-hidden=\"true\" class=\"image\"><img decoding=\"async\" src=\"https:\/\/envol-vert.org\/wp-content\/uploads\/2021\/03\/Papillon-Envol-Vert-2021_papillon-vert-officiel.png\" width=\"150\" height=\"134.13\" alt=\"\" \/><\/div><h2 class=\"content-box-heading fusion-responsive-typography-calculated\" style=\"--h2_typography-font-size:16px;--fontSize:16;line-height:1.3;padding-left:170px;\">Je veux \u00eatre adh\u00e9rent<\/h2><\/a><\/div><div class=\"fusion-clearfix\"><\/div><div class=\"content-container\">\n<h5>Cotisation annuelle de 20\u20ac<\/h5>\n<\/div><\/div><\/div><div class=\"fusion-clearfix\"><\/div><\/div><div class=\"fusion-separator fusion-full-width-sep\" style=\"align-self: center;margin-left: auto;margin-right: auto;margin-top:3%;width:100%;\"><\/div><div class=\"fusion-text fusion-text-3\"><h3>Conditions d&#8217;adh\u00e9sion<span style=\"color: #008000;\"><br \/>\n<\/span><\/h3>\n<p>Conform\u00e9ment aux statuts, toute personne physique ou morale souhaitant devenir membre ou adh\u00e9rent doit au pr\u00e9alable en faire la demande aupr\u00e8s du conseil d\u2019administration qui valide l\u2019admission de tout nouveau membre.<br \/>\nLe montant de la cotisation est fix\u00e9 chaque ann\u00e9e par l\u2019assembl\u00e9e g\u00e9n\u00e9rale.<br \/>\nUn re\u00e7u fiscal vous sera automatiquement retourn\u00e9.<br \/>\n<em>Envol Vert<\/em> est reconnue d\u2019int\u00e9r\u00eat g\u00e9n\u00e9ral, 66% du montant de votre don est d\u00e9ductible de vos imp\u00f4ts dans la limite de 20% de vos revenus imposables.<\/p>\n<\/div><div class=\"fusion-separator fusion-full-width-sep\" style=\"align-self: center;margin-left: auto;margin-right: auto;margin-top:3%;width:100%;\"><\/div><div class=\"fusion-text fusion-text-4\"><h3>Comment adh\u00e9rer ?<\/h3>\n<\/div><\/div><\/div><div class=\"fusion-layout-column fusion_builder_column fusion-builder-column-3 fusion_builder_column_1_2 1_2 fusion-flex-column fusion-flex-align-self-stretch\" style=\"--awb-padding-right:5%;--awb-padding-left:5%;--awb-bg-color:rgba(154,206,163,0.32);--awb-bg-color-hover:rgba(154,206,163,0.32);--awb-bg-size:cover;--awb-width-large:50%;--awb-margin-top-large:0px;--awb-spacing-right-large:3.84%;--awb-margin-bottom-large:20px;--awb-spacing-left-large:3.84%;--awb-width-medium:100%;--awb-order-medium:0;--awb-spacing-right-medium:1.92%;--awb-spacing-left-medium:1.92%;--awb-width-small:100%;--awb-order-small:0;--awb-spacing-right-small:1.92%;--awb-spacing-left-small:1.92%;\"><div class=\"fusion-column-wrapper fusion-column-has-shadow fusion-flex-justify-content-flex-start fusion-content-layout-column\"><div class=\"fusion-text fusion-text-5\"><h4>Par courrier<\/h4>\n<p>Remplir <a href=\"http:\/\/envol-vert.org\/wp-content\/uploads\/2015\/06\/envol_vert_formulaire_membres_adherents_1116.doc\" target=\"_blank\" rel=\"noopener\">le formulaire<\/a> et le retourner avec votre r\u00e8glement \u00e0 :<\/p>\n<p>Envol Vert<br \/>\n31 rue Bichat<br \/>\n75010 Paris<\/p>\n<\/div><\/div><\/div><div class=\"fusion-layout-column fusion_builder_column fusion-builder-column-4 fusion_builder_column_1_2 1_2 fusion-flex-column fusion-flex-align-self-stretch\" style=\"--awb-padding-right:5%;--awb-padding-left:5%;--awb-bg-color:rgba(154,206,163,0.32);--awb-bg-color-hover:rgba(154,206,163,0.32);--awb-bg-size:cover;--awb-width-large:50%;--awb-margin-top-large:0px;--awb-spacing-right-large:3.84%;--awb-margin-bottom-large:20px;--awb-spacing-left-large:3.84%;--awb-width-medium:100%;--awb-order-medium:0;--awb-spacing-right-medium:1.92%;--awb-spacing-left-medium:1.92%;--awb-width-small:100%;--awb-order-small:0;--awb-spacing-right-small:1.92%;--awb-spacing-left-small:1.92%;\"><div class=\"fusion-column-wrapper fusion-column-has-shadow fusion-flex-justify-content-flex-start fusion-content-layout-column\"><div class=\"fusion-text fusion-text-6\"><h4>En ligne<\/h4>\n<\/div><div style=\"text-align:center;\"><a class=\"fusion-button button-flat button-large button-default fusion-button-default button-1 fusion-button-default-span \" style=\"--button_margin-top:3%;--button_margin-bottom:3%;\" target=\"_blank\" rel=\"noopener noreferrer\" href=\"https:\/\/www.helloasso.com\/associations\/envol-vert\/adhesions\/adhesion-envol-vert\"><i class=\"fa-external-link-alt fas awb-button__icon awb-button__icon--default button-icon-left\" aria-hidden=\"true\"><\/i><span class=\"fusion-button-text awb-button__text awb-button__text--default\">Adh\u00e9rer en ligne<\/span><\/a><\/div><\/div><\/div><\/div><\/div><\/p>\n","protected":false},"excerpt":{"rendered":"","protected":false},"author":114,"featured_media":37888,"parent":31866,"menu_order":3,"comment_status":"closed","ping_status":"closed","template":"100-width.php","meta":{"footnotes":""},"class_list":["post-37483","page","type-page","status-publish","has-post-thumbnail","hentry"],"_links":{"self":[{"href":"https:\/\/envol-vert.org\/es\/wp-json\/wp\/v2\/pages\/37483","targetHints":{"allow":["GET"]}}],"collection":[{"href":"https:\/\/envol-vert.org\/es\/wp-json\/wp\/v2\/pages"}],"about":[{"href":"https:\/\/envol-vert.org\/es\/wp-json\/wp\/v2\/types\/page"}],"author":[{"embeddable":true,"href":"https:\/\/envol-vert.org\/es\/wp-json\/wp\/v2\/users\/114"}],"replies":[{"embeddable":true,"href":"https:\/\/envol-vert.org\/es\/wp-json\/wp\/v2\/comments?post=37483"}],"version-history":[{"count":0,"href":"https:\/\/envol-vert.org\/es\/wp-json\/wp\/v2\/pages\/37483\/revisions"}],"up":[{"embeddable":true,"href":"https:\/\/envol-vert.org\/es\/wp-json\/wp\/v2\/pages\/31866"}],"wp:featuredmedia":[{"embeddable":true,"href":"https:\/\/envol-vert.org\/es\/wp-json\/wp\/v2\/media\/37888"}],"wp:attachment":[{"href":"https:\/\/envol-vert.org\/es\/wp-json\/wp\/v2\/media?parent=37483"}],"curies":[{"name":"wp","href":"https:\/\/api.w.org\/{rel}","templated":true}]}}